{"id":2,"date":"2014-11-10T19:29:51","date_gmt":"2014-11-10T19:29:51","guid":{"rendered":"http:\/\/palomihnos.com\/?page_id=2"},"modified":"2015-01-30T18:00:05","modified_gmt":"2015-01-30T18:00:05","slug":"pagina-ejemplo","status":"publish","type":"page","link":"https:\/\/palomihnos.com\/","title":{"rendered":"Inicio"},"content":{"rendered":"<div class=\"panel-grid\" id=\"pg-2-0\" ><div class=\"panel-grid-cell\" id=\"pgc-2-0-0\" >\t\t<section id=\"services\" class=\"services-area\">\r\n\t\t\t<div class=\"container\">\r\n\t\t\t\t<h3 class=\"widget-title\"><span class=\"wow bounce\">Servicios<\/span><\/h3>\t\t\t\t\t\t\t\t\t\t\t\t\t\t\t\t\t\t\t<div class=\"service col-md-4 col-sm-6 col-xs-6\">\r\n\t\t\t\t\t\t\t\t\t\t\t\t\t<span class=\"service-icon wow zoomInDown\"><i class=\"fa fa-shopping-cart\"><\/i><\/span>\r\n\t\t\t\t\t\t\t\t\t\t\t\t<h4 class=\"service-title wow fadeInUp\">\r\n\t\t\t\t\t\t\t\t\t\t\t\t\t\t\tAbastecimiento\t\t\t\t\t\t\t\t\t\t\t\t\t<\/h4>\r\n\t\t\t\t\t\t<div class=\"service-desc wow fadeInUp\"><p>Palomihnos abastece a los principales supermercados del pa\u00eds de frutas y verduras, tambi\u00e9n contamos con un punto de distribuci\u00f3n en San Antonio, Texas, donde nuestro mercado en EU es cada vez mas\u00a0ampl\u00edo y mejor posicionado gracias a la calidad de nuestros productos.<\/p>\n<\/div>\r\n\t\t\t\t\t<\/div>\r\n\t\t\t\t\t\t\t\t\t\t\t\t\t\t\t\t\t\t\t<div class=\"service col-md-4 col-sm-6 col-xs-6\">\r\n\t\t\t\t\t\t\t\t\t\t\t\t\t<span class=\"service-icon wow zoomInDown\"><i class=\"fa fa-truck\"><\/i><\/span>\r\n\t\t\t\t\t\t\t\t\t\t\t\t<h4 class=\"service-title wow fadeInUp\">\r\n\t\t\t\t\t\t\t\t\t\t\t\t\t\t\tDistribuci\u00f3n\t\t\t\t\t\t\t\t\t\t\t\t\t<\/h4>\r\n\t\t\t\t\t\t<div class=\"service-desc wow fadeInUp\"><p>Contamos con una gran cadena de distribuci\u00f3n para abastecer nuestro mercado, en M\u00e9xico y EU tanto en los principales mercados de abastos del pa\u00eds como en cadenas de supermercado y tiendas especializadas.<\/p>\n<\/div>\r\n\t\t\t\t\t<\/div>\r\n\t\t\t\t\t\t\t\t\t\t\t\t\t\t\t\t\t\t\t<div class=\"service col-md-4 col-sm-6 col-xs-6\">\r\n\t\t\t\t\t\t\t\t\t\t\t\t\t<span class=\"service-icon wow zoomInDown\"><i class=\"fa fa-leaf\"><\/i><\/span>\r\n\t\t\t\t\t\t\t\t\t\t\t\t<h4 class=\"service-title wow fadeInUp\">\r\n\t\t\t\t\t\t\t\t\t\t\t\t\t\t\tProducci\u00f3n\t\t\t\t\t\t\t\t\t\t\t\t\t<\/h4>\r\n\t\t\t\t\t\t<div class=\"service-desc wow fadeInUp\"><p>Palomihnos, cuenta con ranchos productores en M\u00e9xico para abastecer su gran demanda de hortalizas y verduras, siempre buscamos ofrecer a nuestros clientes los mejores productos, con los m\u00e1s altos est\u00e1ndares de calidad y al mejor costo, cumpliendo con las normas de regulaci\u00f3n sanitaria y buenas pr\u00e1cticas agro alimentarias, lo que nos permite comercializar nuestros productos en M\u00e9xico, EU y Canada.<\/p>\n<\/div>\r\n\t\t\t\t\t<\/div>\r\n\t\t\t\t\t\t\t<\/div>\r\n\t\t\t\t\t\t\t\t<style type=\"text\/css\">\r\n\t\t\t\t.services-area {\r\n\t\t\t\t    display: block;\t\t\t    \r\n\t\t\t\t\tbackground: url(http:\/\/palomihnos.com\/wp-content\/uploads\/2014\/11\/5869008676-b4c28c9402-o.jpg) no-repeat;\r\n\t\t\t\t\tbackground-position: center top;\r\n\t\t\t\t\tbackground-attachment: fixed;\r\n\t\t\t\t\tbackground-size: cover;\r\n\t\t\t\t\tz-index: -1;\r\n\t\t\t\t}\r\n\t\t\t\t.service {\r\n\t\t\t\t\tbackground-color: rgba(0,0,0,0.6);\r\n\t\t\t\t\tborder-right: 1px solid #5E5E5E;\r\n\t\t\t\t}\r\n\t\t\t\t.service:nth-of-type(3),\r\n\t\t\t\t.service:nth-of-type(6),\r\n\t\t\t\t.service:nth-of-type(7) {\r\n\t\t\t\t\tborder-right: 0;\r\n\t\t\t\t}\t\r\n\t\t\t<\/style>\r\n\t\t\t\t\t\t\r\n\t\t<\/section>\t\t\r\n\t<\/div><\/div><div class=\"panel-grid\" id=\"pg-2-1\" ><div class=\"panel-grid-cell\" id=\"pgc-2-1-0\" >\t\t<section id=\"facts\" class=\"facts-area\">\r\n\t\t\t<div class=\"container\">\r\n\t\t\t\t<h3 class=\"widget-title\"><span class=\"wow bounce\">Empresa<\/span><\/h3>\t\t\t\t\t\t\t\t\t<div class=\"col-md-3 col-sm-3 col-xs-6\">\r\n\t\t\t\t\t\t<span class=\"fact wow rotateIn\" id=\"10\">0<\/span>\r\n\t\t\t\t\t\t<div class=\"fact-name wow fadeInUp\">L\u00edneas de Productos<\/div>\r\n\t\t\t\t\t<\/div>\r\n\t\t\t\t\t\t\t\t\t\t\t\t\t<div class=\"col-md-3 col-sm-3 col-xs-6\">\r\n\t\t\t\t\t\t<span class=\"fact wow rotateIn\" id=\"120\">0<\/span>\r\n\t\t\t\t\t\t<div class=\"fact-name wow fadeInUp\">Hect\u00e1reas de producci\u00f3n <\/div>\r\n\t\t\t\t\t<\/div>\r\n\t\t\t\t\t\t\t\t\t\t\t\t\t<div class=\"col-md-3 col-sm-3 col-xs-6\">\r\n\t\t\t\t\t\t<span class=\"fact wow rotateIn\" id=\"30\">0<\/span>\r\n\t\t\t\t\t\t<div class=\"fact-name wow fadeInUp\">A\u00f1os de Experiencia<\/div>\r\n\t\t\t\t\t<\/div>\r\n\t\t\t\t\t\t\t\t\t\t\t\t\t<div class=\"col-md-3 col-sm-3 col-xs-6\">\r\n\t\t\t\t\t\t<span class=\"fact wow rotateIn\" id=\"3\">0<\/span>\r\n\t\t\t\t\t\t<div class=\"fact-name wow fadeInUp\">Zonas de producci\u00f3n<\/div>\r\n\t\t\t\t\t<\/div>\r\n\t\t\t\t\t\t\t\t\t\t\t\t\t\t\t\t\t\t\t\t\t\t\t\r\n\t\t\t<\/div>\r\n\t\t\t\t\t\t\t<style type=\"text\/css\">\r\n\t\t\t\t\t.facts-area {\r\n\t\t\t\t\t    display: block;\t\t\t    \r\n\t\t\t\t\t\tbackground: url(http:\/\/palomihnos.com\/wp-content\/uploads\/2014\/11\/IMG_0667-e1422640712246.jpg) no-repeat;\r\n\t\t\t\t\t\tbackground-position: center top;\r\n\t\t\t\t\t\tbackground-attachment: fixed;\r\n\t\t\t\t\t\tbackground-size: cover;\r\n\t\t\t\t\t\tz-index: -1;\r\n\t\t\t\t\t}\r\n\t\t\t\t<\/style>\r\n\t\t\t\t\t\t\t\t\t\t\t\t\r\n\t\t<\/section>\t\t\t\t\r\n\t<\/div><\/div><div class=\"panel-grid\" id=\"pg-2-2\" ><div class=\"panel-grid-cell\" id=\"pgc-2-2-0\" >\t\t<section id=\"projects\" class=\"projects-area\">\r\n\t\t\t<div class=\"container\">\r\n\t\t\t\t<h3 class=\"widget-title\"><span class=\"wow bounce\">Productos<\/span><\/h3>\t\t\t\t\r\n\t\t\t\t\t\t\t\t\r\n\t\t\t\t\t\t\t\t\t<div class=\"project col-md-4 col-sm-6 col-xs-6 wow zoomIn\">\r\n\t\t\t\t\t\t<div class=\"project-image\">\r\n\t\t\t\t\t\t\t<img width=\"350\" height=\"250\" src=\"https:\/\/palomihnos.com\/wp-content\/uploads\/2014\/11\/IMG_1199-350x250.jpg\" class=\"attachment-project-image size-project-image wp-post-image\" alt=\"\" decoding=\"async\" loading=\"lazy\" \/>\t\t\t\t\t\t\t<a class=\"link-icon\" href=\"https:\/\/palomihnos.com\/?projects=tomate-de-invernadero\" title=\"Tomate de invernadero\"><i class=\"fa fa-link\"><\/i><\/a>\r\n\t\t\t\t\t\t\t\t\t\t\t\t\t\t<a class=\"pp-icon\" href=\"https:\/\/palomihnos.com\/wp-content\/uploads\/2014\/11\/IMG_1199.jpg\" rel=\"prettyPhoto[pp_gallery]\"><i class=\"fa fa-search\"><\/i><\/a>\t\t\t\t\t\t\t\t\t\t\t\t\t\t\r\n\t\t\t\t\t\t<\/div>\r\n\t\t\t\t\t<\/div>\r\n\t\t\t\t\t\t\t\t\t<div class=\"project col-md-4 col-sm-6 col-xs-6 wow zoomIn\">\r\n\t\t\t\t\t\t<div class=\"project-image\">\r\n\t\t\t\t\t\t\t<img width=\"350\" height=\"250\" src=\"https:\/\/palomihnos.com\/wp-content\/uploads\/2014\/11\/IMG_1326-350x250.jpg\" class=\"attachment-project-image size-project-image wp-post-image\" alt=\"\" decoding=\"async\" loading=\"lazy\" \/>\t\t\t\t\t\t\t<a class=\"link-icon\" href=\"https:\/\/palomihnos.com\/?projects=repollos\" title=\"Repollos\"><i class=\"fa fa-link\"><\/i><\/a>\r\n\t\t\t\t\t\t\t\t\t\t\t\t\t\t<a class=\"pp-icon\" href=\"https:\/\/palomihnos.com\/wp-content\/uploads\/2014\/11\/IMG_1326.jpg\" rel=\"prettyPhoto[pp_gallery]\"><i class=\"fa fa-search\"><\/i><\/a>\t\t\t\t\t\t\t\t\t\t\t\t\t\t\r\n\t\t\t\t\t\t<\/div>\r\n\t\t\t\t\t<\/div>\r\n\t\t\t\t\t\t\t\t\t<div class=\"project col-md-4 col-sm-6 col-xs-6 wow zoomIn\">\r\n\t\t\t\t\t\t<div class=\"project-image\">\r\n\t\t\t\t\t\t\t<img width=\"350\" height=\"250\" src=\"https:\/\/palomihnos.com\/wp-content\/uploads\/2015\/01\/IMG_1375-350x250.jpg\" class=\"attachment-project-image size-project-image wp-post-image\" alt=\"\" decoding=\"async\" loading=\"lazy\" \/>\t\t\t\t\t\t\t<a class=\"link-icon\" href=\"https:\/\/palomihnos.com\/?projects=brocoli\" title=\"Br\u00f3coli\"><i class=\"fa fa-link\"><\/i><\/a>\r\n\t\t\t\t\t\t\t\t\t\t\t\t\t\t<a class=\"pp-icon\" href=\"https:\/\/palomihnos.com\/wp-content\/uploads\/2015\/01\/IMG_1375.jpg\" rel=\"prettyPhoto[pp_gallery]\"><i class=\"fa fa-search\"><\/i><\/a>\t\t\t\t\t\t\t\t\t\t\t\t\t\t\r\n\t\t\t\t\t\t<\/div>\r\n\t\t\t\t\t<\/div>\r\n\t\t\t\t\t\t\t\t\t<div class=\"project col-md-4 col-sm-6 col-xs-6 wow zoomIn\">\r\n\t\t\t\t\t\t<div class=\"project-image\">\r\n\t\t\t\t\t\t\t<img width=\"350\" height=\"250\" src=\"https:\/\/palomihnos.com\/wp-content\/uploads\/2014\/11\/ZANAHORIAS-EXPORT-350x250.jpg\" class=\"attachment-project-image size-project-image wp-post-image\" alt=\"\" decoding=\"async\" loading=\"lazy\" \/>\t\t\t\t\t\t\t<a class=\"link-icon\" href=\"https:\/\/palomihnos.com\/?projects=zanahorias\" title=\"Zanahorias\"><i class=\"fa fa-link\"><\/i><\/a>\r\n\t\t\t\t\t\t\t\t\t\t\t\t\t\t<a class=\"pp-icon\" href=\"https:\/\/palomihnos.com\/wp-content\/uploads\/2014\/11\/ZANAHORIAS-EXPORT.jpg\" rel=\"prettyPhoto[pp_gallery]\"><i class=\"fa fa-search\"><\/i><\/a>\t\t\t\t\t\t\t\t\t\t\t\t\t\t\r\n\t\t\t\t\t\t<\/div>\r\n\t\t\t\t\t<\/div>\r\n\t\t\t\t\t\t\t\t\t<div class=\"project col-md-4 col-sm-6 col-xs-6 wow zoomIn\">\r\n\t\t\t\t\t\t<div class=\"project-image\">\r\n\t\t\t\t\t\t\t<img width=\"350\" height=\"250\" src=\"https:\/\/palomihnos.com\/wp-content\/uploads\/2014\/11\/IMG_1432-350x250.jpg\" class=\"attachment-project-image size-project-image wp-post-image\" alt=\"\" decoding=\"async\" loading=\"lazy\" \/>\t\t\t\t\t\t\t<a class=\"link-icon\" href=\"https:\/\/palomihnos.com\/?projects=lechugas\" title=\"Lechugas\"><i class=\"fa fa-link\"><\/i><\/a>\r\n\t\t\t\t\t\t\t\t\t\t\t\t\t\t<a class=\"pp-icon\" href=\"https:\/\/palomihnos.com\/wp-content\/uploads\/2014\/11\/IMG_1432.jpg\" rel=\"prettyPhoto[pp_gallery]\"><i class=\"fa fa-search\"><\/i><\/a>\t\t\t\t\t\t\t\t\t\t\t\t\t\t\r\n\t\t\t\t\t\t<\/div>\r\n\t\t\t\t\t<\/div>\r\n\t\t\t\t\t\t\t<\/div>\r\n\t\t\t\t\t\t\r\n\t\t<\/section>\t\t\r\n\t<\/div><\/div><div class=\"panel-grid\" id=\"pg-2-3\" ><div style=\"color: #77d633; \" class=\"panel-row-style\" ><div class=\"panel-grid-cell\" id=\"pgc-2-3-0\" >&nbsp;<\/div><div class=\"panel-grid-cell\" id=\"pgc-2-3-1\" ><div class=\"panel widget widget_text panel-first-child panel-last-child\" id=\"panel-2-3-1-0\"><h3 class=\"widget-title\">Mail<\/h3>\t\t\t<div class=\"textwidget\"><div class=\"wpcf7\" id=\"wpcf7-f66-o1\" lang=\"es-ES\" dir=\"ltr\">\n<div class=\"screen-reader-response\"><\/div>\n<form name=\"\" action=\"\/index.php?rest_route=%2Fwp%2Fv2%2Fpages%2F2#wpcf7-f66-o1\" method=\"post\" class=\"wpcf7-form\" novalidate=\"novalidate\">\n<div style=\"display: none;\">\n<input type=\"hidden\" name=\"_wpcf7\" value=\"66\" \/><br \/>\n<input type=\"hidden\" name=\"_wpcf7_version\" value=\"4.0.2\" \/><br \/>\n<input type=\"hidden\" name=\"_wpcf7_locale\" value=\"es_ES\" \/><br \/>\n<input type=\"hidden\" name=\"_wpcf7_unit_tag\" value=\"wpcf7-f66-o1\" \/><br \/>\n<input type=\"hidden\" name=\"_wpnonce\" value=\"dd28ebf840\" \/>\n<\/div>\n<p>Su nombre (requerido)<br \/>\n    <span class=\"wpcf7-form-control-wrap your-name\"><input type=\"text\" name=\"your-name\" value=\"\" size=\"40\" class=\"wpcf7-form-control wpcf7-text wpcf7-validates-as-required\" aria-required=\"true\" aria-invalid=\"false\" \/><\/span> <\/p>\n<p>Su e-mail (requerido)<br \/>\n    <span class=\"wpcf7-form-control-wrap your-email\"><input type=\"email\" name=\"your-email\" value=\"\" size=\"40\" class=\"wpcf7-form-control wpcf7-text wpcf7-email wpcf7-validates-as-required wpcf7-validates-as-email\" aria-required=\"true\" aria-invalid=\"false\" \/><\/span> <\/p>\n<p>Asunto<br \/>\n    <span class=\"wpcf7-form-control-wrap your-subject\"><input type=\"text\" name=\"your-subject\" value=\"\" size=\"40\" class=\"wpcf7-form-control wpcf7-text\" aria-invalid=\"false\" \/><\/span> <\/p>\n<p>Su mensaje<br \/>\n    <span class=\"wpcf7-form-control-wrap your-message\"><textarea name=\"your-message\" cols=\"40\" rows=\"10\" class=\"wpcf7-form-control wpcf7-textarea\" aria-invalid=\"false\"><\/textarea><\/span> <\/p>\n<p><input type=\"submit\" value=\"Enviar\" class=\"wpcf7-form-control wpcf7-submit\" \/><\/p>\n<div class=\"wpcf7-response-output wpcf7-display-none\"><\/div>\n<\/form>\n<\/div>\n<\/div>\n\t\t<\/div><\/div><div class=\"panel-grid-cell\" id=\"pgc-2-3-2\" >&nbsp;<\/div><\/div><\/div>","protected":false},"excerpt":{"rendered":"<p>Servicios Abastecimiento Palomihnos abastece a los principales supermercados del pa\u00eds de frutas y verduras, tambi\u00e9n contamos con un punto de distribuci\u00f3n en San Antonio, Texas, donde nuestro mercado en EU [&hellip;]<\/p>\n","protected":false},"author":3,"featured_media":0,"parent":0,"menu_order":0,"comment_status":"closed","ping_status":"closed","template":"page_front-page.php","meta":[],"_links":{"self":[{"href":"https:\/\/palomihnos.com\/index.php?rest_route=\/wp\/v2\/pages\/2"}],"collection":[{"href":"https:\/\/palomihnos.com\/index.php?rest_route=\/wp\/v2\/pages"}],"about":[{"href":"https:\/\/palomihnos.com\/index.php?rest_route=\/wp\/v2\/types\/page"}],"author":[{"embeddable":true,"href":"https:\/\/palomihnos.com\/index.php?rest_route=\/wp\/v2\/users\/3"}],"replies":[{"embeddable":true,"href":"https:\/\/palomihnos.com\/index.php?rest_route=%2Fwp%2Fv2%2Fcomments&post=2"}],"version-history":[{"count":22,"href":"https:\/\/palomihnos.com\/index.php?rest_route=\/wp\/v2\/pages\/2\/revisions"}],"predecessor-version":[{"id":101,"href":"https:\/\/palomihnos.com\/index.php?rest_route=\/wp\/v2\/pages\/2\/revisions\/101"}],"wp:attachment":[{"href":"https:\/\/palomihnos.com\/index.php?rest_route=%2Fwp%2Fv2%2Fmedia&parent=2"}],"curies":[{"name":"wp","href":"https:\/\/api.w.org\/{rel}","templated":true}]}}